{"id":9,"date":"2026-01-27T13:17:52","date_gmt":"2026-01-27T12:17:52","guid":{"rendered":"https:\/\/kellnerkft.hu\/?page_id=9"},"modified":"2026-02-07T10:15:33","modified_gmt":"2026-02-07T09:15:33","slug":"fooldal","status":"publish","type":"page","link":"https:\/\/kellnerkft.hu\/","title":{"rendered":"F\u0151oldal"},"content":{"rendered":"\t\t<div data-elementor-type=\"wp-page\" data-elementor-id=\"9\" class=\"elementor elementor-9\">\n\t\t\t\t<div class=\"elementor-element elementor-element-a2edc4f e-flex e-con-boxed e-con e-parent\" data-id=\"a2edc4f\" data-element_type=\"container\" data-settings=\"{&quot;background_background&quot;:&quot;classic&quot;}\">\n\t\t\t\t\t<div class=\"e-con-inner\">\n\t\t<div class=\"elementor-element elementor-element-a35cdd0 e-con-full e-flex e-con e-child\" data-id=\"a35cdd0\" data-element_type=\"container\">\n\t\t\t\t<div class=\"elementor-element elementor-element-7b169f1 elementor-widget elementor-widget-image\" data-id=\"7b169f1\" data-element_type=\"widget\" data-widget_type=\"image.default\">\n\t\t\t\t\t\t\t\t\t\t\t\t\t\t\t<img fetchpriority=\"high\" decoding=\"async\" width=\"768\" height=\"401\" src=\"https:\/\/kellnerkft.hu\/wp-content\/uploads\/2026\/02\/1768904580081-768x401-1.png\" class=\"attachment-full size-full wp-image-135\" alt=\"\" srcset=\"https:\/\/kellnerkft.hu\/wp-content\/uploads\/2026\/02\/1768904580081-768x401-1.png 768w, https:\/\/kellnerkft.hu\/wp-content\/uploads\/2026\/02\/1768904580081-768x401-1-300x157.png 300w\" sizes=\"(max-width: 768px) 100vw, 768px\" \/>\t\t\t\t\t\t\t\t\t\t\t\t\t\t\t<\/div>\n\t\t\t\t<\/div>\n\t\t<div class=\"elementor-element elementor-element-e66655b e-con-full e-flex e-con e-child\" data-id=\"e66655b\" data-element_type=\"container\">\n\t\t\t\t<div class=\"elementor-element elementor-element-b0c5cc3 elementor-widget elementor-widget-heading\" data-id=\"b0c5cc3\" data-element_type=\"widget\" data-widget_type=\"heading.default\">\n\t\t\t\t\t<h2 class=\"elementor-heading-title elementor-size-default\"><span style=\"font-weight: 600;, sans-serif;font-size: 16px\"><span>Kellner Kft. \u2013 Term\u00e9szetes min\u0151s\u00e9g, fenntarthat\u00f3 gy\u00e1rt\u00e1s<\/span><\/span><\/h2>\t\t\t\t<\/div>\n\t\t\t\t<div class=\"elementor-element elementor-element-ca72be4 elementor-widget elementor-widget-heading\" data-id=\"ca72be4\" data-element_type=\"widget\" data-widget_type=\"heading.default\">\n\t\t\t\t\t<h2 class=\"elementor-heading-title elementor-size-default\"><span style=\", sans-serif;font-size: 16px\">\u00dcdv\u00f6z\u00f6lj\u00fck a Kellner Kft. honlapj\u00e1n!<\/span><\/h2>\t\t\t\t<\/div>\n\t\t\t\t<\/div>\n\t\t\t\t\t<\/div>\n\t\t\t\t<\/div>\n\t\t<div class=\"elementor-element elementor-element-9889dfe e-flex e-con-boxed e-con e-parent\" data-id=\"9889dfe\" data-element_type=\"container\">\n\t\t\t\t\t<div class=\"e-con-inner\">\n\t\t<div class=\"elementor-element elementor-element-45ff3fe e-con-full e-flex e-con e-child\" data-id=\"45ff3fe\" data-element_type=\"container\">\n\t\t\t\t<div class=\"elementor-element elementor-element-0d8630b elementor-widget elementor-widget-image\" data-id=\"0d8630b\" data-element_type=\"widget\" data-widget_type=\"image.default\">\n\t\t\t\t\t\t\t\t\t\t\t\t\t\t\t<img decoding=\"async\" width=\"2560\" height=\"1323\" src=\"https:\/\/kellnerkft.hu\/wp-content\/uploads\/2026\/02\/Gemini_Generated_Image_pfnfsxpfnfsxpfnf-scaled.png\" class=\"attachment-full size-full wp-image-141\" alt=\"\" srcset=\"https:\/\/kellnerkft.hu\/wp-content\/uploads\/2026\/02\/Gemini_Generated_Image_pfnfsxpfnfsxpfnf-scaled.png 2560w, https:\/\/kellnerkft.hu\/wp-content\/uploads\/2026\/02\/Gemini_Generated_Image_pfnfsxpfnfsxpfnf-300x155.png 300w, https:\/\/kellnerkft.hu\/wp-content\/uploads\/2026\/02\/Gemini_Generated_Image_pfnfsxpfnfsxpfnf-1024x529.png 1024w, https:\/\/kellnerkft.hu\/wp-content\/uploads\/2026\/02\/Gemini_Generated_Image_pfnfsxpfnfsxpfnf-768x397.png 768w, https:\/\/kellnerkft.hu\/wp-content\/uploads\/2026\/02\/Gemini_Generated_Image_pfnfsxpfnfsxpfnf-1536x794.png 1536w, https:\/\/kellnerkft.hu\/wp-content\/uploads\/2026\/02\/Gemini_Generated_Image_pfnfsxpfnfsxpfnf-2048x1059.png 2048w\" sizes=\"(max-width: 2560px) 100vw, 2560px\" \/>\t\t\t\t\t\t\t\t\t\t\t\t\t\t\t<\/div>\n\t\t\t\t<\/div>\n\t\t<div class=\"elementor-element elementor-element-9d9c42c e-con-full e-flex e-con e-child\" data-id=\"9d9c42c\" data-element_type=\"container\">\n\t\t\t\t<div class=\"elementor-element elementor-element-d63c38d elementor-widget elementor-widget-menu-anchor\" data-id=\"d63c38d\" data-element_type=\"widget\" data-widget_type=\"menu-anchor.default\">\n\t\t\t\t\t\t\t<div class=\"elementor-menu-anchor\" id=\"rolunk\"><\/div>\n\t\t\t\t\t\t<\/div>\n\t\t\t\t<div class=\"elementor-element elementor-element-e6ee39c elementor-widget elementor-widget-heading\" data-id=\"e6ee39c\" data-element_type=\"widget\" data-widget_type=\"heading.default\">\n\t\t\t\t\t<h2 class=\"elementor-heading-title elementor-size-default\"><span style=\"font-weight: 600;, sans-serif;font-size: 16px\">Ki vagyunk mi?<\/span><\/h2>\t\t\t\t<\/div>\n\t\t\t\t<div class=\"elementor-element elementor-element-929352a elementor-widget elementor-widget-text-editor\" data-id=\"929352a\" data-element_type=\"widget\" data-widget_type=\"text-editor.default\">\n\t\t\t\t\t\t\t\t\t<p class=\"ds-markdown-paragraph\">A Kellner Kft. egy csal\u00e1di szellemben m\u0171k\u00f6d\u0151, magyar tulajdon\u00fa v\u00e1llalkoz\u00e1s, amely t\u00f6bb mint k\u00e9t \u00e9vtizedes tapasztalattal rendelkezik a fa- \u00e9s m\u0171anyagipar ter\u00fclet\u00e9n. Sz\u00e9khely\u00fcnk a gy\u00f6ny\u00f6r\u0171 Gerecse l\u00e1b\u00e1n\u00e1l, Tokodon tal\u00e1lhat\u00f3, ahol a hagyom\u00e1nyos szak\u00e9rtelem tal\u00e1lkozik a modern technol\u00f3gi\u00e1val.<\/p><p class=\"ds-markdown-paragraph\"><strong>Mi\u00e9rt a mi term\u00e9k\u00fcnk?<\/strong><br \/>Elk\u00f6telezettek vagyunk a fenntarthat\u00f3 j\u00f6v\u0151 mellett. Ez\u00e9rt fejlesztett\u00fck ki a\u00a0<strong>NaturaClean<\/strong>\u00a0bambusz fogkef\u00e9inket, amelyek nemcsak hat\u00e9konyak, hanem k\u00f6rnyezetbar\u00e1t alternat\u00edv\u00e1i is a hagyom\u00e1nyos m\u0171anyag term\u00e9keknek. Minden egyes fogkef\u00e9nk mos\u00f3 bambuszb\u00f3l k\u00e9sz\u00fcl, ami egy gyorsan n\u00f6v\u0151, meg\u00fajul\u00f3 er\u0151forr\u00e1s, \u00e9s FSC tan\u00fas\u00edtott forr\u00e1sb\u00f3l sz\u00e1rmazik. Eur\u00f3pai gy\u00e1rt\u00e1sunk garant\u00e1lja a r\u00f6vid sz\u00e1ll\u00edt\u00e1si utat, az alacsony karbonl\u00e1bnyomot \u00e9s a kiv\u00e1l\u00f3 min\u0151s\u00e9get.<\/p><p class=\"ds-markdown-paragraph\"><strong>Er\u0151ss\u00e9geink:<\/strong><\/p><ul><li><p class=\"ds-markdown-paragraph\"><strong>Pr\u00e9mium min\u0151s\u00e9g:<\/strong>\u00a0Szigor\u00fa min\u0151s\u00e9gellen\u0151rz\u00e9s mellett gy\u00e1rtunk, hogy minden term\u00e9k\u00fcnk megfeleljen a nyugat-eur\u00f3pai elv\u00e1r\u00e1soknak.<\/p><\/li><li><p class=\"ds-markdown-paragraph\"><strong>Fenntarthat\u00f3s\u00e1g:<\/strong>\u00a0Term\u00e9keink \u00e9s csomagol\u00e1suk is k\u00f6rnyezettudatos, m\u0171anyagmentes megold\u00e1sokat k\u00edn\u00e1l.<\/p><\/li><li><p class=\"ds-markdown-paragraph\"><strong>Rugalmass\u00e1g:<\/strong>\u00a0K\u00e9pesek vagyunk kis \u00e9s nagy volumen\u0171 megrendel\u00e9seket is gyorsan, hat\u00e9konyan teljes\u00edteni.<\/p><\/li><li><p class=\"ds-markdown-paragraph\"><strong>Eur\u00f3pai gy\u00e1rt\u00e1s:<\/strong>\u00a0\u201eMade in EU\u201d c\u00edmk\u00e9vel b\u00fcszk\u00e9lkedhet\u00fcnk, ami biztoss\u00e1got, gyors sz\u00e1ll\u00edt\u00e1st \u00e9s v\u00e1mmentes forgalmat jelent partnereink sz\u00e1m\u00e1ra.<\/p><\/li><\/ul><p><\/p>\t\t\t\t\t\t\t\t<\/div>\n\t\t\t\t<\/div>\n\t\t\t\t\t<\/div>\n\t\t\t\t<\/div>\n\t\t<div class=\"elementor-element elementor-element-ac6be69 e-flex e-con-boxed e-con e-parent\" data-id=\"ac6be69\" data-element_type=\"container\">\n\t\t\t\t\t<div class=\"e-con-inner\">\n\t\t\t\t<div class=\"elementor-element elementor-element-eb82bcc elementor-widget elementor-widget-menu-anchor\" data-id=\"eb82bcc\" data-element_type=\"widget\" data-widget_type=\"menu-anchor.default\">\n\t\t\t\t\t\t\t<div class=\"elementor-menu-anchor\" id=\"szolgaltatasok\"><\/div>\n\t\t\t\t\t\t<\/div>\n\t\t\t\t<div class=\"elementor-element elementor-element-825e6b9 elementor-widget elementor-widget-heading\" data-id=\"825e6b9\" data-element_type=\"widget\" data-widget_type=\"heading.default\">\n\t\t\t\t\t<h2 class=\"elementor-heading-title elementor-size-default\">Szolg\u00e1ltat\u00e1sok<\/h2>\t\t\t\t<\/div>\n\t\t<div class=\"elementor-element elementor-element-adf8fe2 e-con-full e-flex e-con e-child\" data-id=\"adf8fe2\" data-element_type=\"container\">\n\t\t\t\t<div class=\"elementor-element elementor-element-8066d83 elementor-widget__width-inherit elementor-view-default elementor-position-block-start elementor-mobile-position-block-start elementor-widget elementor-widget-icon-box\" data-id=\"8066d83\" data-element_type=\"widget\" data-widget_type=\"icon-box.default\">\n\t\t\t\t\t\t\t<div class=\"elementor-icon-box-wrapper\">\n\n\t\t\t\t\t\t<div class=\"elementor-icon-box-icon\">\n\t\t\t\t<span  class=\"elementor-icon\">\n\t\t\t\t<svg aria-hidden=\"true\" class=\"e-font-icon-svg e-fas-star\" viewBox=\"0 0 576 512\" xmlns=\"http:\/\/www.w3.org\/2000\/svg\"><path d=\"M259.3 17.8L194 150.2 47.9 171.5c-26.2 3.8-36.7 36.1-17.7 54.6l105.7 103-25 145.5c-4.5 26.3 23.2 46 46.4 33.7L288 439.6l130.7 68.7c23.2 12.2 50.9-7.4 46.4-33.7l-25-145.5 105.7-103c19-18.5 8.5-50.8-17.7-54.6L382 150.2 316.7 17.8c-11.7-23.6-45.6-23.9-57.4 0z\"><\/path><\/svg>\t\t\t\t<\/span>\n\t\t\t<\/div>\n\t\t\t\n\t\t\t\t\t\t<div class=\"elementor-icon-box-content\">\n\n\t\t\t\t\t\t\t\t\t<h3 class=\"elementor-icon-box-title\">\n\t\t\t\t\t\t<span  >\n\t\t\t\t\t\t\tEz a c\u00edmsor\t\t\t\t\t\t<\/span>\n\t\t\t\t\t<\/h3>\n\t\t\t\t\n\t\t\t\t\t\t\t\t\t<p class=\"elementor-icon-box-description\">\n\t\t\t\t\t\tSz\u00f6veg sz\u00f6veg sz\u00f6veg  sz\u00f6veg sz\u00f6veg  sz\u00f6veg sz\u00f6veg  sz\u00f6veg sz\u00f6veg  sz\u00f6veg sz\u00f6veg  sz\u00f6veg sz\u00f6veg  sz\u00f6veg sz\u00f6veg sz\u00f6veg sz\u00f6veg  sz\u00f6veg sz\u00f6veg  sz\u00f6veg sz\u00f6veg  sz\u00f6veg sz\u00f6veg.\t\t\t\t\t<\/p>\n\t\t\t\t\n\t\t\t<\/div>\n\t\t\t\n\t\t<\/div>\n\t\t\t\t\t\t<\/div>\n\t\t\t\t<div class=\"elementor-element elementor-element-21d16ca elementor-widget__width-inherit elementor-view-default elementor-position-block-start elementor-mobile-position-block-start elementor-widget elementor-widget-icon-box\" data-id=\"21d16ca\" data-element_type=\"widget\" data-widget_type=\"icon-box.default\">\n\t\t\t\t\t\t\t<div class=\"elementor-icon-box-wrapper\">\n\n\t\t\t\t\t\t<div class=\"elementor-icon-box-icon\">\n\t\t\t\t<span  class=\"elementor-icon\">\n\t\t\t\t<svg aria-hidden=\"true\" class=\"e-font-icon-svg e-fas-sun\" viewBox=\"0 0 512 512\" xmlns=\"http:\/\/www.w3.org\/2000\/svg\"><path d=\"M256 160c-52.9 0-96 43.1-96 96s43.1 96 96 96 96-43.1 96-96-43.1-96-96-96zm246.4 80.5l-94.7-47.3 33.5-100.4c4.5-13.6-8.4-26.5-21.9-21.9l-100.4 33.5-47.4-94.8c-6.4-12.8-24.6-12.8-31 0l-47.3 94.7L92.7 70.8c-13.6-4.5-26.5 8.4-21.9 21.9l33.5 100.4-94.7 47.4c-12.8 6.4-12.8 24.6 0 31l94.7 47.3-33.5 100.5c-4.5 13.6 8.4 26.5 21.9 21.9l100.4-33.5 47.3 94.7c6.4 12.8 24.6 12.8 31 0l47.3-94.7 100.4 33.5c13.6 4.5 26.5-8.4 21.9-21.9l-33.5-100.4 94.7-47.3c13-6.5 13-24.7.2-31.1zm-155.9 106c-49.9 49.9-131.1 49.9-181 0-49.9-49.9-49.9-131.1 0-181 49.9-49.9 131.1-49.9 181 0 49.9 49.9 49.9 131.1 0 181z\"><\/path><\/svg>\t\t\t\t<\/span>\n\t\t\t<\/div>\n\t\t\t\n\t\t\t\t\t\t<div class=\"elementor-icon-box-content\">\n\n\t\t\t\t\t\t\t\t\t<h3 class=\"elementor-icon-box-title\">\n\t\t\t\t\t\t<span  >\n\t\t\t\t\t\t\tEz a c\u00edmsor\t\t\t\t\t\t<\/span>\n\t\t\t\t\t<\/h3>\n\t\t\t\t\n\t\t\t\t\t\t\t\t\t<p class=\"elementor-icon-box-description\">\n\t\t\t\t\t\tSz\u00f6veg  sz\u00f6veg sz\u00f6veg  sz\u00f6veg sz\u00f6veg  sz\u00f6veg sz\u00f6veg  sz\u00f6veg sz\u00f6veg  sz\u00f6veg sz\u00f6veg  sz\u00f6veg sz\u00f6veg  sz\u00f6veg sz\u00f6veg.\t\t\t\t\t<\/p>\n\t\t\t\t\n\t\t\t<\/div>\n\t\t\t\n\t\t<\/div>\n\t\t\t\t\t\t<\/div>\n\t\t\t\t<div class=\"elementor-element elementor-element-913a34b elementor-widget__width-inherit elementor-view-default elementor-position-block-start elementor-mobile-position-block-start elementor-widget elementor-widget-icon-box\" data-id=\"913a34b\" data-element_type=\"widget\" data-widget_type=\"icon-box.default\">\n\t\t\t\t\t\t\t<div class=\"elementor-icon-box-wrapper\">\n\n\t\t\t\t\t\t<div class=\"elementor-icon-box-icon\">\n\t\t\t\t<span  class=\"elementor-icon\">\n\t\t\t\t<svg aria-hidden=\"true\" class=\"e-font-icon-svg e-fas-suitcase\" viewBox=\"0 0 512 512\" xmlns=\"http:\/\/www.w3.org\/2000\/svg\"><path d=\"M128 480h256V80c0-26.5-21.5-48-48-48H176c-26.5 0-48 21.5-48 48v400zm64-384h128v32H192V96zm320 80v256c0 26.5-21.5 48-48 48h-48V128h48c26.5 0 48 21.5 48 48zM96 480H48c-26.5 0-48-21.5-48-48V176c0-26.5 21.5-48 48-48h48v352z\"><\/path><\/svg>\t\t\t\t<\/span>\n\t\t\t<\/div>\n\t\t\t\n\t\t\t\t\t\t<div class=\"elementor-icon-box-content\">\n\n\t\t\t\t\n\t\t\t\t\t\t\t\t\t<p class=\"elementor-icon-box-description\">\n\t\t\t\t\t\t<span style=\"font-weight: 600;, sans-serif;text-align: start\">Hol tal\u00e1l meg minket?<\/span><br style=\", sans-serif;text-align: start\"><span style=\", sans-serif;text-align: start\">2531 Tokod, J\u00f3zsef Attila \u00fat 135., Magyarorsz\u00e1g<\/span><br style=\", sans-serif;text-align: start\"><span style=\", sans-serif;text-align: start\">Telefon: +36 30 891 8282<\/span><br style=\", sans-serif;text-align: start\"><span style=\", sans-serif;text-align: start\">E-mail:&nbsp;<\/span><span style=\", sans-serif;text-align: start\">jenokellner@gmail.com<\/span><br style=\", sans-serif;text-align: start\"><span style=\", sans-serif;text-align: start\">Web:&nbsp;<\/span><a href=\"https:\/\/www.kellnerkft.hu\/\" target=\"_blank\" rel=\"noreferrer\" style=\"border-width: 2px 3px;border-style: solid;margin-left: -3px;margin-right: -3px;position: relative;, sans-serif;text-align: start\"><span>www.kellnerkft.hu<\/span><\/a>\t\t\t\t\t<\/p>\n\t\t\t\t\n\t\t\t<\/div>\n\t\t\t\n\t\t<\/div>\n\t\t\t\t\t\t<\/div>\n\t\t\t\t<\/div>\n\t\t\t\t\t<\/div>\n\t\t\t\t<\/div>\n\t\t<div class=\"elementor-element elementor-element-68ae100 e-flex e-con-boxed e-con e-parent\" data-id=\"68ae100\" data-element_type=\"container\" data-settings=\"{&quot;background_background&quot;:&quot;classic&quot;}\">\n\t\t\t\t\t<div class=\"e-con-inner\">\n\t\t\t\t<div class=\"elementor-element elementor-element-e00d602 elementor-widget elementor-widget-menu-anchor\" data-id=\"e00d602\" data-element_type=\"widget\" data-widget_type=\"menu-anchor.default\">\n\t\t\t\t\t\t\t<div class=\"elementor-menu-anchor\" id=\"kapcsolat\"><\/div>\n\t\t\t\t\t\t<\/div>\n\t\t\t\t<div class=\"elementor-element elementor-element-86138ba elementor-widget__width-inherit elementor-widget elementor-widget-shortcode\" data-id=\"86138ba\" data-element_type=\"widget\" data-widget_type=\"shortcode.default\">\n\t\t\t\t\t\t\t<div class=\"elementor-shortcode\">\n<div class=\"wpcf7 no-js\" id=\"wpcf7-f82-o1\" lang=\"hu-HU\" dir=\"ltr\" data-wpcf7-id=\"82\">\n<div class=\"screen-reader-response\"><p role=\"status\" aria-live=\"polite\" aria-atomic=\"true\"><\/p> <ul><\/ul><\/div>\n<form action=\"\/index.php\/wp-json\/wp\/v2\/pages\/9#wpcf7-f82-o1\" method=\"post\" class=\"wpcf7-form init full-width-form\" aria-label=\"Kapcsolatfelv\u00e9teli \u0171rlap\" novalidate=\"novalidate\" data-status=\"init\">\n<fieldset class=\"hidden-fields-container\"><input type=\"hidden\" name=\"_wpcf7\" value=\"82\" \/><input type=\"hidden\" name=\"_wpcf7_version\" value=\"6.1.4\" \/><input type=\"hidden\" name=\"_wpcf7_locale\" value=\"hu_HU\" \/><input type=\"hidden\" name=\"_wpcf7_unit_tag\" value=\"wpcf7-f82-o1\" \/><input type=\"hidden\" name=\"_wpcf7_container_post\" value=\"0\" \/><input type=\"hidden\" name=\"_wpcf7_posted_data_hash\" value=\"\" \/>\n<\/fieldset>\n<p><label>N\u00e9v<\/label><br \/>\n<span class=\"wpcf7-form-control-wrap\" data-name=\"your-name\"><input size=\"40\" maxlength=\"400\" class=\"wpcf7-form-control wpcf7-text wpcf7-validates-as-required\" autocomplete=\"name\" aria-required=\"true\" aria-invalid=\"false\" value=\"\" type=\"text\" name=\"your-name\" \/><\/span>\n<\/p>\n<p><label>E-mail c\u00edm<\/label><br \/>\n<span class=\"wpcf7-form-control-wrap\" data-name=\"your-email\"><input size=\"40\" maxlength=\"400\" class=\"wpcf7-form-control wpcf7-email wpcf7-validates-as-required wpcf7-text wpcf7-validates-as-email\" autocomplete=\"email\" aria-required=\"true\" aria-invalid=\"false\" value=\"\" type=\"email\" name=\"your-email\" \/><\/span>\n<\/p>\n<p><label>\u00dczenet<\/label><br \/>\n<span class=\"wpcf7-form-control-wrap\" data-name=\"your-message\"><textarea cols=\"40\" rows=\"10\" maxlength=\"2000\" class=\"wpcf7-form-control wpcf7-textarea wpcf7-validates-as-required\" aria-required=\"true\" aria-invalid=\"false\" name=\"your-message\"><\/textarea><\/span>\n<\/p>\n<p><input class=\"wpcf7-form-control wpcf7-submit has-spinner\" type=\"submit\" value=\"Bek\u00fcld\u00e9s\" \/>\n<\/p><div class=\"wpcf7-response-output\" aria-hidden=\"true\"><\/div>\n<\/form>\n<\/div>\n<\/div>\n\t\t\t\t\t\t<\/div>\n\t\t\t\t\t<\/div>\n\t\t\t\t<\/div>\n\t\t\t\t<\/div>\n\t\t","protected":false},"excerpt":{"rendered":"<p>Kellner Kft. \u2013 Term\u00e9szetes min\u0151s\u00e9g, fenntarthat\u00f3 gy\u00e1rt\u00e1s \u00dcdv\u00f6z\u00f6lj\u00fck a Kellner Kft. honlapj\u00e1n! Ki vagyunk mi? A Kellner Kft. egy csal\u00e1di szellemben m\u0171k\u00f6d\u0151, magyar tulajdon\u00fa v\u00e1llalkoz\u00e1s, amely t\u00f6bb mint k\u00e9t \u00e9vtizedes tapasztalattal rendelkezik a fa- \u00e9s m\u0171anyagipar ter\u00fclet\u00e9n. Sz\u00e9khely\u00fcnk a gy\u00f6ny\u00f6r\u0171 Gerecse l\u00e1b\u00e1n\u00e1l, Tokodon tal\u00e1lhat\u00f3, ahol a hagyom\u00e1nyos szak\u00e9rtelem tal\u00e1lkozik a modern technol\u00f3gi\u00e1val. Mi\u00e9rt a mi [&hellip;]<\/p>\n","protected":false},"author":1,"featured_media":0,"parent":0,"menu_order":0,"comment_status":"closed","ping_status":"closed","template":"","meta":{"footnotes":""},"class_list":["post-9","page","type-page","status-publish","hentry"],"_links":{"self":[{"href":"https:\/\/kellnerkft.hu\/index.php\/wp-json\/wp\/v2\/pages\/9","targetHints":{"allow":["GET"]}}],"collection":[{"href":"https:\/\/kellnerkft.hu\/index.php\/wp-json\/wp\/v2\/pages"}],"about":[{"href":"https:\/\/kellnerkft.hu\/index.php\/wp-json\/wp\/v2\/types\/page"}],"author":[{"embeddable":true,"href":"https:\/\/kellnerkft.hu\/index.php\/wp-json\/wp\/v2\/users\/1"}],"replies":[{"embeddable":true,"href":"https:\/\/kellnerkft.hu\/index.php\/wp-json\/wp\/v2\/comments?post=9"}],"version-history":[{"count":73,"href":"https:\/\/kellnerkft.hu\/index.php\/wp-json\/wp\/v2\/pages\/9\/revisions"}],"predecessor-version":[{"id":144,"href":"https:\/\/kellnerkft.hu\/index.php\/wp-json\/wp\/v2\/pages\/9\/revisions\/144"}],"wp:attachment":[{"href":"https:\/\/kellnerkft.hu\/index.php\/wp-json\/wp\/v2\/media?parent=9"}],"curies":[{"name":"wp","href":"https:\/\/api.w.org\/{rel}","templated":true}]}}